{"id":337,"date":"2024-07-10T07:03:59","date_gmt":"2024-07-10T05:03:59","guid":{"rendered":"https:\/\/olymp1.webcreation-wizard.de\/?page_id=337"},"modified":"2024-07-22T00:59:44","modified_gmt":"2024-07-21T22:59:44","slug":"impressum","status":"publish","type":"page","link":"https:\/\/olymp-cd.de\/en\/impressum\/","title":{"rendered":"Imprint"},"content":{"rendered":"<div class=\"container section-title-container\" ><h1 class=\"section-title section-title-center\"><b aria-hidden=\"true\"><\/b><span class=\"section-title-main\" >Imprint<\/span><b aria-hidden=\"true\"><\/b><\/h1><\/div>\n<p>Zus\u00e4tzliche Informationen gem. \u00a7 5 Telemediengesetz (TMG):<\/p>\n<p><strong>OLYMP car-detailing Gesellschaft mbH<\/strong><br \/>Nieder \u2013 R\u00f6der Weg 12 | D \u2013 63 150 Heusenstamm<\/p>\n<p>Vertretungsberechtigter Gesch\u00e4ftsf\u00fchrer: Dennis Kircher<\/p>\n<div class=\"one_fourth\">Telefon<br \/>Telefax<br \/>E-Mail<br \/>Internet<\/div>\n<div class=\"three_fourths last\">+49 \/ 6104 \/ 95 398-40<br \/>+49 \/ 6104 \/ 95 398-69<br \/><a href=\"\/en\/&\/#109;&#x61;i&#x6c;&#x74;&#111;&#x3a;i&#x6e;&#x66;&#111;&#x40;o&#x6c;&#x79;&#109;&#x70;-&#x63;&#x64;&#46;&#x64;e\" target=\"_blank\" rel=\"nofollow noopener\">&#105;&#x6e;&#102;&#x6f;&#64;&#x6f;&#108;&#x79;&#109;&#x70;&#45;&#x63;&#100;&#x2e;&#100;&#x65;<\/a><br \/>http:\/\/www.olymp-cd.de<br \/>http:\/\/www.olymp-cd.com<br \/>http:\/\/www.olymp-cd.eu<br \/>http:\/\/www.olymp-cd.biz<\/div>\n<div class=\"clear\">\u00a0<\/div>\n<p>Ust.-Id Nr. nach \u00a7 27 a Umsatzsteuergesetz: DE 197 941 409<br \/>Amtsgericht Offenbach, HRB 10 902<\/p>\n<p>Steuer-Nr.: 044 240 606 72<br \/>Finanzamt Offenbach am Main II<\/p>\n<p>D&amp;B: D-U-N-S Nummer 315 873 484<\/p>\n<p>Berufsgenossenschaft Verkehr<br \/>BGF Nr.: 1839 4009 5587 001<\/p>\n<p>Bildnachweis:<\/p>\n<ul>\n<li>120205938 iStock by iLexx<\/li>\n<li>#11751190 colourbox<\/li>\n<li>#8901049 colourbox<\/li>\n<\/ul>\n<p>Die Urheberrechte dieser Website liegen vollst\u00e4ndig bei der OLYMP car-detailing GmbH.<\/p>\n<p>Versions Nr. : 2.3 20140211<\/p>\n<p><strong>Haftungshinweise:<\/strong><\/p>\n<p>Wir \u00fcbernehmen keinerlei Gew\u00e4hr f\u00fcr die Aktualit\u00e4t, Korrektheit, Vollst\u00e4ndigkeit oder Qualit\u00e4t der bereitgestellten Informationen. Alle Markennamen und eingetragene Warenzeichen sind Eigentum ihrer rechtm\u00e4\u00dfigen Besitzer.<\/p>\n<p>Diese Internetpr\u00e4senz enth\u00e4lt Verkn\u00fcpfungen zu externen Webseiten Dritter, auf deren Inhalt wir keinen Einfluss haben. Die Verantwortung f\u00fcr die Inhalte der verlinkten Seiten liegt stets beim jeweiligen Anbieter oder Betreiber, Die verkn\u00fcpften Seiten wurden zum Zeitpunkt der Verlinkung auf m\u00f6gliche Rechtsverst\u00f6\u00dfe gepr\u00fcft. Eine permanente Kontrolle der verkn\u00fcpften Seiten ist jedoch ohne konkrete Anhaltspunkte einer Rechtsverletzung nicht zumutbar. Bei Bekanntwerden von Rechtsverletzungen werden wir derartige Verkn\u00fcpfungen umgehend entfernen.<\/p>\n<p>Gesch\u00fctzte Marken und Namen, Bilder und Texte werden auf unseren Seiten in der Regel nicht als solche kenntlich gemacht. Das Fehlen einer solchen Kennzeichnung bedeutet jedoch nicht, dass es sich um einen freien Namen, ein freies Bild oder einen freien Text im Sinne des Markenzeichenrechts handelt.<\/p>\n<p>Vervielf\u00e4ltigung oder Ver\u00f6ffentlichung, auch Auszugsweise, der auf dieser Internetpr\u00e4senz genannten Informationen bed\u00fcrfen der schriftlichen Genehmigung der OLYMP car-detailing GmbH.<\/p>\n<p><strong>Bankverbindungen:<\/strong><\/p>\n<div class=\"one_half\">VR Bank Dreieich-Offenbach eG<br \/>BLZ: 505 922 00<br \/>Kto-Nr.: 596 752<br \/>IBAN: DE 65 5059 2200 0000 5967 52<br \/>S.W.I.F.T: GENODE51DRE<\/div>","protected":false},"excerpt":{"rendered":"<p>Zus\u00e4tzliche Informationen gem. \u00a7 5 Telemediengesetz (TMG): OLYMP car-detailing Gesellschaft mbHNieder \u2013 R\u00f6der Weg 12 | D \u2013 63 150 Heusenstamm Vertretungsberechtigter Gesch\u00e4ftsf\u00fchrer: Dennis Kircher TelefonTelefaxE-MailInternet +49 \/ 6104 \/ 95 398-40+49 \/ 6104 \/ 95 398-69i&#110;&#102;&#x6f;&#x40;&#x6f;ly&#109;&#112;&#x2d;&#x63;&#x64;&#46;&#100;&#101;http:\/\/www.olymp-cd.dehttp:\/\/www.olymp-cd.comhttp:\/\/www.olymp-cd.euhttp:\/\/www.olymp-cd.biz \u00a0 Ust.-Id Nr. nach \u00a7 27 a Umsatzsteuergesetz: DE 197 941 409Amtsgericht Offenbach, HRB 10 902 Steuer-Nr.: 044 [&#8230;]\n","protected":false},"author":1,"featured_media":0,"parent":0,"menu_order":0,"comment_status":"closed","ping_status":"closed","template":"","meta":{"footnotes":""},"class_list":["post-337","page","type-page","status-publish","hentry"],"yoast_head":"<!-- This site is optimized with the Yoast SEO plugin v27.3 - https:\/\/yoast.com\/product\/yoast-seo-wordpress\/ -->\n<title>Impressum - Olymp car-detailing GmbH<\/title>\n<meta name=\"robots\" content=\"index, follow, max-snippet:-1, max-image-preview:large, max-video-preview:-1\" \/>\n<link rel=\"canonical\" href=\"https:\/\/olymp-cd.de\/en\/impressum\/\" \/>\n<meta property=\"og:locale\" content=\"en_GB\" \/>\n<meta property=\"og:type\" content=\"article\" \/>\n<meta property=\"og:title\" content=\"Impressum - Olymp car-detailing GmbH\" \/>\n<meta property=\"og:description\" content=\"Zus\u00e4tzliche Informationen gem. \u00a7 5 Telemediengesetz (TMG): OLYMP car-detailing Gesellschaft mbHNieder \u2013 R\u00f6der Weg 12 | D \u2013 63 150 Heusenstamm Vertretungsberechtigter Gesch\u00e4ftsf\u00fchrer: Dennis Kircher TelefonTelefaxE-MailInternet +49 \/ 6104 \/ 95 398-40+49 \/ 6104 \/ 95 398-69&#x69;&#x6e;&#x66;&#x6f;&#x40;&#x6f;&#x6c;&#121;&#109;&#112;&#045;&#099;d&#046;dehttp:\/\/www.olymp-cd.dehttp:\/\/www.olymp-cd.comhttp:\/\/www.olymp-cd.euhttp:\/\/www.olymp-cd.biz \u00a0 Ust.-Id Nr. nach \u00a7 27 a Umsatzsteuergesetz: DE 197 941 409Amtsgericht Offenbach, HRB 10 902 Steuer-Nr.: 044 [...]\" \/>\n<meta property=\"og:url\" content=\"https:\/\/olymp-cd.de\/en\/impressum\/\" \/>\n<meta property=\"og:site_name\" content=\"Olymp car-detailing GmbH\" \/>\n<meta property=\"article:publisher\" content=\"https:\/\/www.facebook.com\/olymp.cardetailing\" \/>\n<meta property=\"article:modified_time\" content=\"2024-07-21T22:59:44+00:00\" \/>\n<meta name=\"twitter:card\" content=\"summary_large_image\" \/>\n<meta name=\"twitter:label1\" content=\"Estimated reading time\" \/>\n\t<meta name=\"twitter:data1\" content=\"1 minute\" \/>\n<script type=\"application\/ld+json\" class=\"yoast-schema-graph\">{\"@context\":\"https:\\\/\\\/schema.org\",\"@graph\":[{\"@type\":\"WebPage\",\"@id\":\"https:\\\/\\\/olymp-cd.de\\\/impressum\\\/\",\"url\":\"https:\\\/\\\/olymp-cd.de\\\/impressum\\\/\",\"name\":\"Impressum - Olymp car-detailing GmbH\",\"isPartOf\":{\"@id\":\"https:\\\/\\\/olymp-cd.de\\\/#website\"},\"datePublished\":\"2024-07-10T05:03:59+00:00\",\"dateModified\":\"2024-07-21T22:59:44+00:00\",\"breadcrumb\":{\"@id\":\"https:\\\/\\\/olymp-cd.de\\\/impressum\\\/#breadcrumb\"},\"inLanguage\":\"en-GB\",\"potentialAction\":[{\"@type\":\"ReadAction\",\"target\":[\"https:\\\/\\\/olymp-cd.de\\\/impressum\\\/\"]}]},{\"@type\":\"BreadcrumbList\",\"@id\":\"https:\\\/\\\/olymp-cd.de\\\/impressum\\\/#breadcrumb\",\"itemListElement\":[{\"@type\":\"ListItem\",\"position\":1,\"name\":\"Startseite\",\"item\":\"https:\\\/\\\/olymp-cd.de\\\/\"},{\"@type\":\"ListItem\",\"position\":2,\"name\":\"Impressum\"}]},{\"@type\":\"WebSite\",\"@id\":\"https:\\\/\\\/olymp-cd.de\\\/#website\",\"url\":\"https:\\\/\\\/olymp-cd.de\\\/\",\"name\":\"Olymp car-detailing\",\"description\":\"Olymp car-detailing\",\"publisher\":{\"@id\":\"https:\\\/\\\/olymp-cd.de\\\/#organization\"},\"potentialAction\":[{\"@type\":\"SearchAction\",\"target\":{\"@type\":\"EntryPoint\",\"urlTemplate\":\"https:\\\/\\\/olymp-cd.de\\\/?s={search_term_string}\"},\"query-input\":{\"@type\":\"PropertyValueSpecification\",\"valueRequired\":true,\"valueName\":\"search_term_string\"}}],\"inLanguage\":\"en-GB\"},{\"@type\":\"Organization\",\"@id\":\"https:\\\/\\\/olymp-cd.de\\\/#organization\",\"name\":\"OLYMP car-detailing Gesellschaft mbH\",\"url\":\"https:\\\/\\\/olymp-cd.de\\\/\",\"logo\":{\"@type\":\"ImageObject\",\"inLanguage\":\"en-GB\",\"@id\":\"https:\\\/\\\/olymp-cd.de\\\/#\\\/schema\\\/logo\\\/image\\\/\",\"url\":\"https:\\\/\\\/olymp-cd.de\\\/wp-content\\\/uploads\\\/2024\\\/07\\\/Olymp_logo.svg\",\"contentUrl\":\"https:\\\/\\\/olymp-cd.de\\\/wp-content\\\/uploads\\\/2024\\\/07\\\/Olymp_logo.svg\",\"width\":1,\"height\":1,\"caption\":\"OLYMP car-detailing Gesellschaft mbH\"},\"image\":{\"@id\":\"https:\\\/\\\/olymp-cd.de\\\/#\\\/schema\\\/logo\\\/image\\\/\"},\"sameAs\":[\"https:\\\/\\\/www.facebook.com\\\/olymp.cardetailing\"]}]}<\/script>\n<!-- \/ Yoast SEO plugin. -->","yoast_head_json":{"title":"Impressum - Olymp car-detailing GmbH","robots":{"index":"index","follow":"follow","max-snippet":"max-snippet:-1","max-image-preview":"max-image-preview:large","max-video-preview":"max-video-preview:-1"},"canonical":"https:\/\/olymp-cd.de\/en\/impressum\/","og_locale":"en_GB","og_type":"article","og_title":"Impressum - Olymp car-detailing GmbH","og_description":"Zus\u00e4tzliche Informationen gem. \u00a7 5 Telemediengesetz (TMG): OLYMP car-detailing Gesellschaft mbHNieder \u2013 R\u00f6der Weg 12 | D \u2013 63 150 Heusenstamm Vertretungsberechtigter Gesch\u00e4ftsf\u00fchrer: Dennis Kircher TelefonTelefaxE-MailInternet +49 \/ 6104 \/ 95 398-40+49 \/ 6104 \/ 95 398-69&#x69;&#x6e;&#x66;&#x6f;&#x40;&#x6f;&#x6c;&#121;&#109;&#112;&#45;&#99;d&#46;dehttp:\/\/www.olymp-cd.dehttp:\/\/www.olymp-cd.comhttp:\/\/www.olymp-cd.euhttp:\/\/www.olymp-cd.biz \u00a0 Ust.-Id Nr. nach \u00a7 27 a Umsatzsteuergesetz: DE 197 941 409Amtsgericht Offenbach, HRB 10 902 Steuer-Nr.: 044 [...]","og_url":"https:\/\/olymp-cd.de\/en\/impressum\/","og_site_name":"Olymp car-detailing GmbH","article_publisher":"https:\/\/www.facebook.com\/olymp.cardetailing","article_modified_time":"2024-07-21T22:59:44+00:00","twitter_card":"summary_large_image","twitter_misc":{"Estimated reading time":"1 minute"},"schema":{"@context":"https:\/\/schema.org","@graph":[{"@type":"WebPage","@id":"https:\/\/olymp-cd.de\/impressum\/","url":"https:\/\/olymp-cd.de\/impressum\/","name":"Impressum - Olymp car-detailing GmbH","isPartOf":{"@id":"https:\/\/olymp-cd.de\/#website"},"datePublished":"2024-07-10T05:03:59+00:00","dateModified":"2024-07-21T22:59:44+00:00","breadcrumb":{"@id":"https:\/\/olymp-cd.de\/impressum\/#breadcrumb"},"inLanguage":"en-GB","potentialAction":[{"@type":"ReadAction","target":["https:\/\/olymp-cd.de\/impressum\/"]}]},{"@type":"BreadcrumbList","@id":"https:\/\/olymp-cd.de\/impressum\/#breadcrumb","itemListElement":[{"@type":"ListItem","position":1,"name":"Startseite","item":"https:\/\/olymp-cd.de\/"},{"@type":"ListItem","position":2,"name":"Impressum"}]},{"@type":"WebSite","@id":"https:\/\/olymp-cd.de\/#website","url":"https:\/\/olymp-cd.de\/","name":"Olymp car-detailing","description":"Olymp car-detailing","publisher":{"@id":"https:\/\/olymp-cd.de\/#organization"},"potentialAction":[{"@type":"SearchAction","target":{"@type":"EntryPoint","urlTemplate":"https:\/\/olymp-cd.de\/?s={search_term_string}"},"query-input":{"@type":"PropertyValueSpecification","valueRequired":true,"valueName":"search_term_string"}}],"inLanguage":"en-GB"},{"@type":"Organization","@id":"https:\/\/olymp-cd.de\/#organization","name":"OLYMP car-detailing Gesellschaft mbH","url":"https:\/\/olymp-cd.de\/","logo":{"@type":"ImageObject","inLanguage":"en-GB","@id":"https:\/\/olymp-cd.de\/#\/schema\/logo\/image\/","url":"https:\/\/olymp-cd.de\/wp-content\/uploads\/2024\/07\/Olymp_logo.svg","contentUrl":"https:\/\/olymp-cd.de\/wp-content\/uploads\/2024\/07\/Olymp_logo.svg","width":1,"height":1,"caption":"OLYMP car-detailing Gesellschaft mbH"},"image":{"@id":"https:\/\/olymp-cd.de\/#\/schema\/logo\/image\/"},"sameAs":["https:\/\/www.facebook.com\/olymp.cardetailing"]}]}},"jetpack_sharing_enabled":true,"_links":{"self":[{"href":"https:\/\/olymp-cd.de\/en\/wp-json\/wp\/v2\/pages\/337","targetHints":{"allow":["GET"]}}],"collection":[{"href":"https:\/\/olymp-cd.de\/en\/wp-json\/wp\/v2\/pages"}],"about":[{"href":"https:\/\/olymp-cd.de\/en\/wp-json\/wp\/v2\/types\/page"}],"author":[{"embeddable":true,"href":"https:\/\/olymp-cd.de\/en\/wp-json\/wp\/v2\/users\/1"}],"replies":[{"embeddable":true,"href":"https:\/\/olymp-cd.de\/en\/wp-json\/wp\/v2\/comments?post=337"}],"version-history":[{"count":4,"href":"https:\/\/olymp-cd.de\/en\/wp-json\/wp\/v2\/pages\/337\/revisions"}],"predecessor-version":[{"id":822,"href":"https:\/\/olymp-cd.de\/en\/wp-json\/wp\/v2\/pages\/337\/revisions\/822"}],"wp:attachment":[{"href":"https:\/\/olymp-cd.de\/en\/wp-json\/wp\/v2\/media?parent=337"}],"curies":[{"name":"wp","href":"https:\/\/api.w.org\/{rel}","templated":true}]}}