{"id":341,"date":"2024-07-10T07:04:46","date_gmt":"2024-07-10T05:04:46","guid":{"rendered":"https:\/\/olymp1.webcreation-wizard.de\/?page_id=341"},"modified":"2024-07-12T10:51:04","modified_gmt":"2024-07-12T08:51:04","slug":"agb","status":"publish","type":"page","link":"https:\/\/olymp-cd.de\/en\/agb\/","title":{"rendered":"AGB"},"content":{"rendered":"<div class=\"container section-title-container\" ><h1 class=\"section-title section-title-center\"><b aria-hidden=\"true\"><\/b><span class=\"section-title-main\" >AGB<\/span><b aria-hidden=\"true\"><\/b><\/h1><\/div>\n<h2 class=\"ce_headline\">AGB<\/h2>\n<div class=\"ce_text block\">\n<p><strong>\u00a7 1 Geltungsbereich<\/strong><\/p>\n<p>(1)<\/p>\n<p>Diese ABG gelten ausschlie\u00dflich gegen\u00fcber Unternehmern, juristischen Personen des \u00f6ffentlichen Rechts oder \u00f6ffentlich- rechtlichen Sonderverm\u00f6gen im Sinne von \u00a7 310 Abs. 1 BGB.<\/p>\n<p>Entgegenstehende oder von diesen AGB abweichende Bedingungen werden nur anerkannt, wenn diesen ausdr\u00fccklich zugestimmt wird.<\/p>\n<p>(2)<\/p>\n<p>Diese AGB gelten auch f\u00fcr alle zuk\u00fcnftigen Gesch\u00e4fte zwischen den Parteien.<\/p>\n<p>(3)<\/p>\n<p>Auftr\u00e4ge werden erst durch Auftragsbest\u00e4tigung des Kunden oder schriftliche Vereinbarung vor Ort verbindlich<\/p>\n<p><strong>\u00a7 2 \u00dcberlassene Unterlagen<\/strong><\/p>\n<p>Alle im Zusammenhang mit dem Auftrag seitens der Olymp car-detailing GmbH dem Kunden \u00fcberlassene Unterlagen wie z.B. Angebote, Kalkulationen und Leistungsbeschreibungen d\u00fcrfen Dritten nur dann zug\u00e4nglich gemacht werden, wenn hierzu eine ausdr\u00fcckliche schriftliche Zustimmung der Olymp car-detailing GmbH vorliegt.<\/p>\n<p><strong>\u00a7 3 Leistungserbringung<\/strong><\/p>\n<p>(1)<\/p>\n<p>Der Umfang der Leistungserbringung ergibt sich aus dem Auftrag in Form der Auftragsbest\u00e4tigung.<\/p>\n<p>(2)<\/p>\n<p>Die Olymp car-detailing GmbH setzt qualifizierte Mitarbeiter ein, welche fortlaufend betreut und kontrolliert werden. Die Personalf\u00fchrung obliegt dabei allein der Olymp car-detailing GmbH. Soweit Kundenmitarbeiter unterst\u00fctzend t\u00e4tig werden, tr\u00e4gt der Kunde daf\u00fcr Sorge, dass diese Mitarbeiter disziplinarisch von einem geeigneten Mitarbeiter geleitet werden. Dieser jeweilige Leiter ist der Olymp car-detailing GmbH vor Beginn der T\u00e4tigkeit zu benennen.<\/p>\n<p><strong>\u00a7 4 Preise \/ Verg\u00fctung<\/strong><\/p>\n<p>(1)<\/p>\n<p>F\u00fcr die Leistungen der Olymp car-detailing GmbH ist der im Angebot genannte Preis zzgl. der jeweiligen gesetzlichen Umsatzsteuer zu zahlen.<\/p>\n<p>Ein zus\u00e4tzlicher Mehraufwand wird gesondert in Rechnung gestellt.<\/p>\n<p>(2)<\/p>\n<p>F\u00fcr Warenleistungen wird eine Handling-Geb\u00fchr in H\u00f6he von mindestens 3 % des Warenwerts geltend gemacht, jedoch nicht mehr als 5 % des Warenwerts, sofern nichts anderes zwischen den Parteien ausdr\u00fccklich vereinbart wird.<\/p>\n<p>(3)<\/p>\n<p>Bei einer kurzfristigen Beauftragung von unter sieben Tagen vor Einsatzbeginn wird ein Aufschlag, in H\u00f6he von 25%, auf unsere normale aktuelle Preisliste f\u00e4llig.<\/p>\n<p>Bei einer kurzfristigen Beauftragung von unter drei Tagen vor Einsatzbeginn wird ein Aufschlag, in H\u00f6he von 50%, auf unsere normale aktuelle Preisliste f\u00e4llig.<\/p>\n<p>Bei einer kurzfristigen Beauftragung von unter 24 Stunden vor Einsatzbeginn wird ein Aufschlag, in H\u00f6he von 100%, auf unsere normale aktuelle Preisliste f\u00e4llig.<\/p>\n<p><strong>\u00a7 5 Zahlungsbedingungen<\/strong><\/p>\n<p>Der Gesamtbetrag ist &#8211; falls nicht anders vereinbart &#8211; zahlbar ohne Abz\u00fcge:<\/p>\n<p>&#8211; 50 % der Auftragssumme bei Vertragsschluss<br \/>\n&#8211; 50 % der Auftragssumme binnen 10 Tagen nach Veranstaltungsende.<\/p>\n<p>Der Kunde kommt ansonsten ohne weitere Erkl\u00e4rung der Olymp car-detailing GmbH 11 Tage nach F\u00e4lligkeitstag in Verzug. Im Falle des Vorhandenseins von M\u00e4ngeln steht dem Kunden ein Zur\u00fcckbehaltungsrecht nicht zu, es sei denn, die Leistung der Olymp car-detailing GmbH war offensichtlich mangelhaft.<\/p>\n<p>In einem solchen Fall ist der Auftraggeber allerdings nur dann zur Zur\u00fcckbehaltung berechtigt, sobald der einbehaltene Betrag der Rechnung in angemessenem Verh\u00e4ltnis zu den M\u00e4ngeln und den voraussichtlichen Kosten einer Nacherf\u00fcllung, insbesondere Mangelbeseitigung steht. Der Kunde ist nicht berechtigt, Anspr\u00fcche und Rechte wegen M\u00e4ngeln geltend zu machen, wenn der Kunde f\u00e4llige Zahlungen nicht geleistet hat und der f\u00e4llige Betrag (einschlie\u00dflich etwaig geleisteter Zahlungen) in keinem angemessenen Verh\u00e4ltnis zu dem Wert der \u2013 mit M\u00e4ngeln behafteten \u2013 Arbeiten steht.<\/p>\n<p>Ansonsten ist eine Aufrechnung oder Zur\u00fcckbehaltung seitens des Kunden nur im Hinblick auf unbestrittene oder rechtskr\u00e4ftig festgestellte Forderungen zul\u00e4ssig.<\/p>\n<p>Im Falle des Zahlungsverzugs oder bei begr\u00fcndeten Zweifeln an der Zahlungsf\u00e4higkeit oder Kreditw\u00fcrdigkeit des Kunden ist die Olymp car-detailing GmbH \u2013 unbeschadet sonstiger Rechte \u2013 befugt, Sicherheitsleistungen oder Vorauszahlungen f\u00fcr ausstehende Leistungen zu verlangen und s\u00e4mtliche Anspr\u00fcche aus der Gesch\u00e4ftsverbindung sofort f\u00e4llig zu stellen.<\/p>\n<p>Zahlungen haben ausschlie\u00dflich bargeldfrei auf das in der Rechnung der Olymp car-detailing GmbH angegebene Konto zu erfolgen. Eine Annahme von Wechseln und\/oder Schecks ist nur dann gestattet, wenn dies durch die Gesch\u00e4ftsleitung der Olymp car-detailing GmbH ausdr\u00fccklich erlaubt wird.<\/p>\n<p>Bei nicht fristgerechter Zahlung, entfallen gew\u00e4hrte Rabatte und werden nachtr\u00e4glich in Rechnung gestellt.<\/p>\n<p><strong>\u00a7 6 Leistungsst\u00f6rungen<\/strong><\/p>\n<p>(1)<\/p>\n<p>Die Olymp car-detailing GmbH haftet f\u00fcr die rechtzeitige und ordnungsgem\u00e4\u00dfe Durchf\u00fchrung des Auftrages, nicht aber f\u00fcr einen vom Kunden bezweckten wirtschaftlichen oder sonstigen Leistungserfolg.<\/p>\n<p>(2)<\/p>\n<p>Der Kunde hat die Olymp car-detailing GmbH unverz\u00fcglich dar\u00fcber zu unterrichten, wenn vereinbarte Termine nicht eingehalten werden k\u00f6nnen.<\/p>\n<p>Kann die Dienstleistung aus Gr\u00fcnden, die der Kunde zu vertreten hat, nicht oder nicht rechtzeitig durchgef\u00fchrt werden, so tr\u00e4gt der Kunde hierf\u00fcr alle anfallenden L\u00f6hne, Fahrgelder, Unterkunfts-, Vorbereitungs-, und Telekommunikationskosten.<\/p>\n<p>(3)<\/p>\n<p>Stornobedingungen wie folgt:<\/p>\n<p>Absage durch den Kunden bis 90 Tage vor dem urspr\u00fcnglich geplanten Termin: Gegen Erstattung der angefallenen Projektkosten inkl. Dienstleister<br \/>\nAbsage durch den Kunden bis 45 Tage vor dem urspr\u00fcnglich geplanten Termin: 50 % der best\u00e4tigten Auftragssumme<br \/>\nAbsage durch den Kunden ab 30 Tage vor dem urspr\u00fcnglich geplanten Termin: 100 % der best\u00e4tigten Auftragssumme<\/p>\n<p>(4)<\/p>\n<p>Treten St\u00f6rungen im Gesch\u00e4ftsbetrieb auf, insbesondere F\u00e4lle h\u00f6herer Gewalt, die zu schweren Betriebsst\u00f6rungen f\u00fchren, so verl\u00e4ngert sich die Lieferfrist entsprechend. Ist die Vertragserf\u00fcllung unm\u00f6glich, hat der Auftragnehmer in diesem Falle Anspruch auf Verg\u00fctung der bis dahin erbrachten Leistungen, durch den Auftraggeber, wobei zu den erbrachten Leistungen auch Anspr\u00fcche Dritter z\u00e4hlen, die der Auftragnehmer im Vertrauen auf die Durchf\u00fchrung des Vertrages beauftragt hat. insbesondere betrifft dies gebuchte Fl\u00fcge und andere Reisemittel, Hotels und Arbeitnehmer.<\/p>\n<p><strong>\u00a7 7 Haftung<\/strong><\/p>\n<p>(1)<\/p>\n<p>Jeder vom Kunden der Olymp car-detailing GmbH zugeordnete Schaden ist unverz\u00fcglich schriftlich festzuhalten und der Projektleitung der Olymp car-detailing GmbH anzuzeigen.<\/p>\n<p>Die Olymp car-detailing GmbH haftet in F\u00e4llen des Vorsatzes und der groben Fahrl\u00e4ssigkeit seitens der Olymp car-detailing GmbH oder eines Vertreters oder Erf\u00fcllungsgehilfen nach den gesetzlichen Bestimmungen. Im \u00dcbrigen haftet die Olymp car-detailing GmbH nur nach dem Produkthaftungsgesetz, oder wegen der Verletzung des Lebens, des K\u00f6rpers oder der Gesundheit oder wegen der schuldhaften Verletzung wesentlicher Vertragspflichten.<\/p>\n<p>Der Schadensersatzanspruch f\u00fcr die Verletzung wesentlicher Vertragspflichten ist jedoch auf den vertragstypischen, vorhersehbaren Schaden begrenzt, wenn nicht zugleich ein anderer der in Satz 2 oder 3 der Ziffer 1 aufgef\u00fchrten Ausnahmef\u00e4lle vorliegt.<\/p>\n<p>Die Haftung der Olymp car-detailing GmbH ist auch von F\u00e4llen grober Fahrl\u00e4ssigkeit auf die vertragstypischen, vorhersehbaren Sch\u00e4den begrenzt, wenn nicht zugleich ein anderer der in Satz 3 dieser Ziffer 1 aufgef\u00fchrten Ausnahmef\u00e4lle vorliegt.<\/p>\n<p>(2)<\/p>\n<p>Die Regelungen des vorstehenden Absatzes gelten f\u00fcr alle Schadensersatzanspr\u00fcche, insbesondere f\u00fcr Schadensersatzanspr\u00fcche neben der Leistung und Schadenersatz statt der Leistung, und zwar gleich aus welchem Rechtsgrund, insbesondere wegen M\u00e4ngeln, der Verletzung von Pflichten aus dem Schuldverh\u00e4ltnis, oder aus unerlaubter Handlung. Sie gelten auch f\u00fcr den Anspruch auf Ersatz vergeblicher Aufwendungen.<\/p>\n<p><strong>\u00a7 8 Wettbewerbsverbot des Kunden<br \/>\n<\/strong><\/p>\n<p>(1)<\/p>\n<p>Die vertragsschlie\u00dfenden Parteien sind sich dar\u00fcber einig, dass sie weitgehend die Belange ihres Vertragspartners achten und sch\u00fctzen werden. Im Rahmen der vertraglichen Treuepflicht sind beide Vertragsparteien gehalten, den Leistungserfolg zu f\u00f6rdern. Sie haben alles zu unterlassen, was die Erreichung des Leistungszweckes unm\u00f6glich macht und \/ oder sich als unberechtigten Eingriff in die Belange des jeweils anderen Vertragspartners darstellt. Insbesondere ist der Vertragspartei untersagt, die erarbeiteten Konzepte ohne R\u00fccksprache zu kopieren und anderweitig kommerziell zu verwenden. Es ist ferner untersagt, einzelne im Rahmen von Werbema\u00dfnahmen von der OLYMP eingesetzte Mitarbeiter oder Beauftragte abzuwerben. Das gleiche gilt f\u00fcr von der Firma OLYMP eingesetzte Teams oder Gruppen.<\/p>\n<p>(2)<\/p>\n<p>F\u00fcr jeden Fall der Zuwiderhandlung verpflichtet sich der Vertragspartner der Firma OLYMP, einen Betrag in H\u00f6he von 15.000,00 EUR zzgl. der gesetzlichen Mehrwertsteuer zu zahlen. Weitere Anspr\u00fcche bleiben ausdr\u00fccklich vorbehalten. Im Falle, dass der geltend gemachte Schadensersatz den vorgenannten Betrag \u00fcbersteigt, ist er auf die Vertragsstrafe anzurechnen. Dem anderen Vertragspartner bleibt es nachzuweisen, dass ein geringerer Schaden entstanden ist.<\/p>\n<p>(3)<\/p>\n<p>Diese Einschr\u00e4nkung entf\u00e4llt, im Ausland und im Inland ein Jahr nach Beendigung des zu Grunde liegenden Auftrages. Diese Klausel gilt ferner f\u00fcr Unternehmer im Sinne von \u00a7 310 Abs. 1 BGB.<\/p>\n<p><strong>\u00a7 9 Schlussbestimmungen<\/strong><\/p>\n<p>(1)<\/p>\n<p>Erf\u00fcllungsort ist der Gesch\u00e4ftssitz der Firma Olymp car-detailing GmbH, sofern sich nicht aus der Auftragsbest\u00e4tigung (dem Angebot) etwas anderes ergibt.<\/p>\n<p>(2)<\/p>\n<p>Alleiniger Gerichtsstand ist der Sitz von Olymp car-detailing GmbH. Dies gilt insbesondere auch, wenn der Kunde keinen allgemeinen Gerichtsstand innerhalb der Bundesrepublik Deutschland hat.<\/p>\n<p>Sollte eine der vorausgehenden Bedingungen (teilweise) unwirksam sein oder werden, so sind sich die Parteien dar\u00fcber einig, die unwirksame Regelung durch eine solche zu ersetzen, welche Sinn und Zweck der unwirksamen Regelung am n\u00e4chsten kommt.<\/p>\n<p><strong>OLYMP car \u2013 detailing Gesellschaft mbH\u00a0<\/strong>( Stand: 15.08.2019 )<\/p>\n<\/div>","protected":false},"excerpt":{"rendered":"<p>AGB \u00a7 1 Geltungsbereich (1) Diese ABG gelten ausschlie\u00dflich gegen\u00fcber Unternehmern, juristischen Personen des \u00f6ffentlichen Rechts oder \u00f6ffentlich- rechtlichen Sonderverm\u00f6gen im Sinne von \u00a7 310 Abs. 1 BGB. Entgegenstehende oder von diesen AGB abweichende Bedingungen werden nur anerkannt, wenn diesen ausdr\u00fccklich zugestimmt wird. (2) Diese AGB gelten auch f\u00fcr alle zuk\u00fcnftigen Gesch\u00e4fte zwischen den Parteien. [&#8230;]\n","protected":false},"author":1,"featured_media":0,"parent":0,"menu_order":0,"comment_status":"closed","ping_status":"closed","template":"","meta":{"footnotes":""},"class_list":["post-341","page","type-page","status-publish","hentry"],"yoast_head":"<!-- This site is optimized with the Yoast SEO plugin v27.3 - https:\/\/yoast.com\/product\/yoast-seo-wordpress\/ -->\n<title>AGB - Olymp car-detailing GmbH<\/title>\n<meta name=\"robots\" content=\"index, follow, max-snippet:-1, max-image-preview:large, max-video-preview:-1\" \/>\n<link rel=\"canonical\" href=\"https:\/\/olymp-cd.de\/en\/agb\/\" \/>\n<meta property=\"og:locale\" content=\"en_GB\" \/>\n<meta property=\"og:type\" content=\"article\" \/>\n<meta property=\"og:title\" content=\"AGB - Olymp car-detailing GmbH\" \/>\n<meta property=\"og:description\" content=\"AGB \u00a7 1 Geltungsbereich (1) Diese ABG gelten ausschlie\u00dflich gegen\u00fcber Unternehmern, juristischen Personen des \u00f6ffentlichen Rechts oder \u00f6ffentlich- rechtlichen Sonderverm\u00f6gen im Sinne von \u00a7 310 Abs. 1 BGB. Entgegenstehende oder von diesen AGB abweichende Bedingungen werden nur anerkannt, wenn diesen ausdr\u00fccklich zugestimmt wird. (2) Diese AGB gelten auch f\u00fcr alle zuk\u00fcnftigen Gesch\u00e4fte zwischen den Parteien. [...]\" \/>\n<meta property=\"og:url\" content=\"https:\/\/olymp-cd.de\/en\/agb\/\" \/>\n<meta property=\"og:site_name\" content=\"Olymp car-detailing GmbH\" \/>\n<meta property=\"article:publisher\" content=\"https:\/\/www.facebook.com\/olymp.cardetailing\" \/>\n<meta property=\"article:modified_time\" content=\"2024-07-12T08:51:04+00:00\" \/>\n<meta name=\"twitter:card\" content=\"summary_large_image\" \/>\n<meta name=\"twitter:label1\" content=\"Estimated reading time\" \/>\n\t<meta name=\"twitter:data1\" content=\"7 minutes\" \/>\n<script type=\"application\/ld+json\" class=\"yoast-schema-graph\">{\"@context\":\"https:\\\/\\\/schema.org\",\"@graph\":[{\"@type\":\"WebPage\",\"@id\":\"https:\\\/\\\/olymp-cd.de\\\/agb\\\/\",\"url\":\"https:\\\/\\\/olymp-cd.de\\\/agb\\\/\",\"name\":\"AGB - Olymp car-detailing GmbH\",\"isPartOf\":{\"@id\":\"https:\\\/\\\/olymp-cd.de\\\/#website\"},\"datePublished\":\"2024-07-10T05:04:46+00:00\",\"dateModified\":\"2024-07-12T08:51:04+00:00\",\"breadcrumb\":{\"@id\":\"https:\\\/\\\/olymp-cd.de\\\/agb\\\/#breadcrumb\"},\"inLanguage\":\"en-GB\",\"potentialAction\":[{\"@type\":\"ReadAction\",\"target\":[\"https:\\\/\\\/olymp-cd.de\\\/agb\\\/\"]}]},{\"@type\":\"BreadcrumbList\",\"@id\":\"https:\\\/\\\/olymp-cd.de\\\/agb\\\/#breadcrumb\",\"itemListElement\":[{\"@type\":\"ListItem\",\"position\":1,\"name\":\"Startseite\",\"item\":\"https:\\\/\\\/olymp-cd.de\\\/\"},{\"@type\":\"ListItem\",\"position\":2,\"name\":\"AGB\"}]},{\"@type\":\"WebSite\",\"@id\":\"https:\\\/\\\/olymp-cd.de\\\/#website\",\"url\":\"https:\\\/\\\/olymp-cd.de\\\/\",\"name\":\"Olymp car-detailing\",\"description\":\"Olymp car-detailing\",\"publisher\":{\"@id\":\"https:\\\/\\\/olymp-cd.de\\\/#organization\"},\"potentialAction\":[{\"@type\":\"SearchAction\",\"target\":{\"@type\":\"EntryPoint\",\"urlTemplate\":\"https:\\\/\\\/olymp-cd.de\\\/?s={search_term_string}\"},\"query-input\":{\"@type\":\"PropertyValueSpecification\",\"valueRequired\":true,\"valueName\":\"search_term_string\"}}],\"inLanguage\":\"en-GB\"},{\"@type\":\"Organization\",\"@id\":\"https:\\\/\\\/olymp-cd.de\\\/#organization\",\"name\":\"OLYMP car-detailing Gesellschaft mbH\",\"url\":\"https:\\\/\\\/olymp-cd.de\\\/\",\"logo\":{\"@type\":\"ImageObject\",\"inLanguage\":\"en-GB\",\"@id\":\"https:\\\/\\\/olymp-cd.de\\\/#\\\/schema\\\/logo\\\/image\\\/\",\"url\":\"https:\\\/\\\/olymp-cd.de\\\/wp-content\\\/uploads\\\/2024\\\/07\\\/Olymp_logo.svg\",\"contentUrl\":\"https:\\\/\\\/olymp-cd.de\\\/wp-content\\\/uploads\\\/2024\\\/07\\\/Olymp_logo.svg\",\"width\":1,\"height\":1,\"caption\":\"OLYMP car-detailing Gesellschaft mbH\"},\"image\":{\"@id\":\"https:\\\/\\\/olymp-cd.de\\\/#\\\/schema\\\/logo\\\/image\\\/\"},\"sameAs\":[\"https:\\\/\\\/www.facebook.com\\\/olymp.cardetailing\"]}]}<\/script>\n<!-- \/ Yoast SEO plugin. -->","yoast_head_json":{"title":"AGB - Olymp car-detailing GmbH","robots":{"index":"index","follow":"follow","max-snippet":"max-snippet:-1","max-image-preview":"max-image-preview:large","max-video-preview":"max-video-preview:-1"},"canonical":"https:\/\/olymp-cd.de\/en\/agb\/","og_locale":"en_GB","og_type":"article","og_title":"AGB - Olymp car-detailing GmbH","og_description":"AGB \u00a7 1 Geltungsbereich (1) Diese ABG gelten ausschlie\u00dflich gegen\u00fcber Unternehmern, juristischen Personen des \u00f6ffentlichen Rechts oder \u00f6ffentlich- rechtlichen Sonderverm\u00f6gen im Sinne von \u00a7 310 Abs. 1 BGB. Entgegenstehende oder von diesen AGB abweichende Bedingungen werden nur anerkannt, wenn diesen ausdr\u00fccklich zugestimmt wird. (2) Diese AGB gelten auch f\u00fcr alle zuk\u00fcnftigen Gesch\u00e4fte zwischen den Parteien. [...]","og_url":"https:\/\/olymp-cd.de\/en\/agb\/","og_site_name":"Olymp car-detailing GmbH","article_publisher":"https:\/\/www.facebook.com\/olymp.cardetailing","article_modified_time":"2024-07-12T08:51:04+00:00","twitter_card":"summary_large_image","twitter_misc":{"Estimated reading time":"7 minutes"},"schema":{"@context":"https:\/\/schema.org","@graph":[{"@type":"WebPage","@id":"https:\/\/olymp-cd.de\/agb\/","url":"https:\/\/olymp-cd.de\/agb\/","name":"AGB - Olymp car-detailing GmbH","isPartOf":{"@id":"https:\/\/olymp-cd.de\/#website"},"datePublished":"2024-07-10T05:04:46+00:00","dateModified":"2024-07-12T08:51:04+00:00","breadcrumb":{"@id":"https:\/\/olymp-cd.de\/agb\/#breadcrumb"},"inLanguage":"en-GB","potentialAction":[{"@type":"ReadAction","target":["https:\/\/olymp-cd.de\/agb\/"]}]},{"@type":"BreadcrumbList","@id":"https:\/\/olymp-cd.de\/agb\/#breadcrumb","itemListElement":[{"@type":"ListItem","position":1,"name":"Startseite","item":"https:\/\/olymp-cd.de\/"},{"@type":"ListItem","position":2,"name":"AGB"}]},{"@type":"WebSite","@id":"https:\/\/olymp-cd.de\/#website","url":"https:\/\/olymp-cd.de\/","name":"Olymp car-detailing","description":"Olymp car-detailing","publisher":{"@id":"https:\/\/olymp-cd.de\/#organization"},"potentialAction":[{"@type":"SearchAction","target":{"@type":"EntryPoint","urlTemplate":"https:\/\/olymp-cd.de\/?s={search_term_string}"},"query-input":{"@type":"PropertyValueSpecification","valueRequired":true,"valueName":"search_term_string"}}],"inLanguage":"en-GB"},{"@type":"Organization","@id":"https:\/\/olymp-cd.de\/#organization","name":"OLYMP car-detailing Gesellschaft mbH","url":"https:\/\/olymp-cd.de\/","logo":{"@type":"ImageObject","inLanguage":"en-GB","@id":"https:\/\/olymp-cd.de\/#\/schema\/logo\/image\/","url":"https:\/\/olymp-cd.de\/wp-content\/uploads\/2024\/07\/Olymp_logo.svg","contentUrl":"https:\/\/olymp-cd.de\/wp-content\/uploads\/2024\/07\/Olymp_logo.svg","width":1,"height":1,"caption":"OLYMP car-detailing Gesellschaft mbH"},"image":{"@id":"https:\/\/olymp-cd.de\/#\/schema\/logo\/image\/"},"sameAs":["https:\/\/www.facebook.com\/olymp.cardetailing"]}]}},"jetpack_sharing_enabled":true,"_links":{"self":[{"href":"https:\/\/olymp-cd.de\/en\/wp-json\/wp\/v2\/pages\/341","targetHints":{"allow":["GET"]}}],"collection":[{"href":"https:\/\/olymp-cd.de\/en\/wp-json\/wp\/v2\/pages"}],"about":[{"href":"https:\/\/olymp-cd.de\/en\/wp-json\/wp\/v2\/types\/page"}],"author":[{"embeddable":true,"href":"https:\/\/olymp-cd.de\/en\/wp-json\/wp\/v2\/users\/1"}],"replies":[{"embeddable":true,"href":"https:\/\/olymp-cd.de\/en\/wp-json\/wp\/v2\/comments?post=341"}],"version-history":[{"count":6,"href":"https:\/\/olymp-cd.de\/en\/wp-json\/wp\/v2\/pages\/341\/revisions"}],"predecessor-version":[{"id":600,"href":"https:\/\/olymp-cd.de\/en\/wp-json\/wp\/v2\/pages\/341\/revisions\/600"}],"wp:attachment":[{"href":"https:\/\/olymp-cd.de\/en\/wp-json\/wp\/v2\/media?parent=341"}],"curies":[{"name":"wp","href":"https:\/\/api.w.org\/{rel}","templated":true}]}}